{"id":51,"date":"2016-06-22T18:04:02","date_gmt":"2016-06-22T16:04:02","guid":{"rendered":"http:\/\/ribaagch.cyon.link\/?page_id=51"},"modified":"2016-06-22T18:07:31","modified_gmt":"2016-06-22T16:07:31","slug":"test","status":"publish","type":"page","link":"https:\/\/riba-ag.ch\/index.php\/test\/","title":{"rendered":"Impressum"},"content":{"rendered":"<div id=\"spalte2\">\n<div id=\"c107\" class=\"csc-default\">\n<p class=\"bodytext\">Riba Elektro AG<br \/>\nKirchweg 8<br \/>\n5035 Unterentfelden<\/p>\n<h2>Rechtliche Hinweise<\/h2>\n<p class=\"bodytext\">Die Inhalte dieser Webseite sind sorgf\u00e4ltig recherchiert und erstellt worden. Sollte sich dennoch ein Fehler eingeschlichen haben, freuen wir uns \u00fcber Hinweise. F\u00fcr inhaltliche Fehler in den Seiten \u00fcbernehmen wir jedoch keine Gew\u00e4hrleistung.<\/p>\n<p class=\"bodytext\">Alle vorhandenen Texte sind \u00a9 by Riba Elektro AG Riba Elektro AG ist ein eingetragenes Warenzeichen. Alle anderen eingetragenen Warenzeichen sind Eigentum der jeweiligen Eigent\u00fcmer.<\/p>\n<h2>Design &amp; Technik<\/h2>\n<p class=\"bodytext\">Marcel Banz &#8211; Riba Elektro AG<\/p>\n<\/div>\n<\/div>\n","protected":false},"excerpt":{"rendered":"<p>Riba Elektro AG Kirchweg 8 5035 Unterentfelden Rechtliche Hinweise Die Inhalte dieser Webseite sind sorgf\u00e4ltig recherchiert und erstellt worden. Sollte sich dennoch ein Fehler eingeschlichen haben, freuen wir uns \u00fcber Hinweise. F\u00fcr inhaltliche Fehler in den Seiten \u00fcbernehmen wir jedoch keine Gew\u00e4hrleistung. Alle vorhandenen Texte sind \u00a9 by Riba Elektro AG Riba Elektro AG ist [&hellip;]<\/p>\n","protected":false},"author":1,"featured_media":0,"parent":0,"menu_order":0,"comment_status":"closed","ping_status":"closed","template":"","meta":{"footnotes":""},"class_list":["post-51","page","type-page","status-publish","hentry"],"_links":{"self":[{"href":"https:\/\/riba-ag.ch\/index.php\/wp-json\/wp\/v2\/pages\/51","targetHints":{"allow":["GET"]}}],"collection":[{"href":"https:\/\/riba-ag.ch\/index.php\/wp-json\/wp\/v2\/pages"}],"about":[{"href":"https:\/\/riba-ag.ch\/index.php\/wp-json\/wp\/v2\/types\/page"}],"author":[{"embeddable":true,"href":"https:\/\/riba-ag.ch\/index.php\/wp-json\/wp\/v2\/users\/1"}],"replies":[{"embeddable":true,"href":"https:\/\/riba-ag.ch\/index.php\/wp-json\/wp\/v2\/comments?post=51"}],"version-history":[{"count":3,"href":"https:\/\/riba-ag.ch\/index.php\/wp-json\/wp\/v2\/pages\/51\/revisions"}],"predecessor-version":[{"id":58,"href":"https:\/\/riba-ag.ch\/index.php\/wp-json\/wp\/v2\/pages\/51\/revisions\/58"}],"wp:attachment":[{"href":"https:\/\/riba-ag.ch\/index.php\/wp-json\/wp\/v2\/media?parent=51"}],"curies":[{"name":"wp","href":"https:\/\/api.w.org\/{rel}","templated":true}]}}